{"id":3098,"date":"2024-02-26T01:22:07","date_gmt":"2024-02-26T06:22:07","guid":{"rendered":"https:\/\/osullivan.edu\/?page_id=3098"},"modified":"2026-03-13T11:40:04","modified_gmt":"2026-03-13T15:40:04","slug":"information-international-students","status":"publish","type":"page","link":"https:\/\/osullivan.edu\/en\/information-international-students\/","title":{"rendered":"International Students Information"},"content":{"rendered":"    <section class=\"text-columns-image-video || section white\">\n        \n<span class=\"absolute top-0 left-0\"  id=\"students\" ><\/span>        <div class=\"wrapper\">\n            <div class=\"lg:grid-col\">\n                <div class=\"col-span-9 || lg:col-grid-7\">\n                                            <p class=\"subtitle-dot mb-5 mb:mt-7\">International students<\/p>\n                                            <h2 class=\"wysiwyg-title || text-h2\"><p>Important information for International Students<\/p>\n<\/h2>\n                                    <\/div>\n            <\/div>\n            <div class=\"grid grid-cols-1 gap-8 mt-8 md:grid-cols-2\">\n                            <\/div>\n            <div class=\"mt-12 || sm:mt-16\">\n                                    <div class=\"thumbnail w-full rounded-2xl rounded-bl-[60px] w-full max-sm:!pb-[56%] md:rounded-bl-[180px]\"  style=\"padding-bottom: 46.857142857143%\" >\n      <img loading=\"lazy\" decoding=\"async\" width=\"1400\" height=\"741\" src=\"https:\/\/osullivan.edu\/wp-content\/uploads\/2024\/02\/hero-8-scaled-e1708444826714-1400x741.jpg\" class=\"attachment-1400x9999 size-1400x9999\" alt=\"\" sizes=\"auto, (max-width: 1400px) 100vw, 1400px\" srcset=\"https:\/\/osullivan.edu\/wp-content\/uploads\/2024\/02\/hero-8-scaled-e1708444826714-1400x741.jpg 1400w, https:\/\/osullivan.edu\/wp-content\/uploads\/2024\/02\/hero-8-scaled-e1708444826714-300x159.jpg 300w, https:\/\/osullivan.edu\/wp-content\/uploads\/2024\/02\/hero-8-scaled-e1708444826714-1024x542.jpg 1024w, https:\/\/osullivan.edu\/wp-content\/uploads\/2024\/02\/hero-8-scaled-e1708444826714-150x79.jpg 150w, https:\/\/osullivan.edu\/wp-content\/uploads\/2024\/02\/hero-8-scaled-e1708444826714-768x406.jpg 768w, https:\/\/osullivan.edu\/wp-content\/uploads\/2024\/02\/hero-8-scaled-e1708444826714-1536x813.jpg 1536w, https:\/\/osullivan.edu\/wp-content\/uploads\/2024\/02\/hero-8-scaled-e1708444826714-2048x1084.jpg 2048w, https:\/\/osullivan.edu\/wp-content\/uploads\/2024\/02\/hero-8-scaled-e1708444826714-1920x1016.jpg 1920w, https:\/\/osullivan.edu\/wp-content\/uploads\/2024\/02\/hero-8-scaled-e1708444826714-700x370.jpg 700w, https:\/\/osullivan.edu\/wp-content\/uploads\/2024\/02\/hero-8-scaled-e1708444826714-640x339.jpg 640w, https:\/\/osullivan.edu\/wp-content\/uploads\/2024\/02\/hero-8-scaled-e1708444826714-480x254.jpg 480w, https:\/\/osullivan.edu\/wp-content\/uploads\/2024\/02\/hero-8-scaled-e1708444826714-350x185.jpg 350w, https:\/\/osullivan.edu\/wp-content\/uploads\/2024\/02\/hero-8-scaled-e1708444826714.jpg 2555w\" \/>  <\/div>                            <\/div>\n        <\/div>\n    <\/section>\n\n\n\n    <section class=\"wysi section white\">\n        \n<span class=\"absolute top-0 left-0\"  id=\"international\" ><\/span>        <div class=\"wrapper\">\n            <div class=\"wysiwyg-single\">\n                <p><strong>The Coll\u00e8ge O&#8217;Sullivan de Montr\u00e9al inc. is proud to welcome international students.\u00a0<\/strong><\/p>\n<p><span lang=\"en-CA\"> Coll\u00e8ge O\u2019Sullivan de Montr\u00e9al inc. is authorized (recognized) by the \u201cMinist\u00e8re de l\u2019Enseignement sup\u00e9rieur\u201d to offer programs of study leading to a Diploma of Collegial Studies (DCS) or an Attestation of Collegial Studies (ACS).<\/span><\/p>\n<p>&nbsp;<\/p>\n<p><strong>Elegibility to programs and work permit\u00a0<\/strong><\/p>\n<p><span lang=\"en-US\">We are a semi-private college institution subsidized by the minist\u00e8re de l\u2019Enseignement sup\u00e9rieur.<\/span><\/p>\n<p><span lang=\"en-CA\">Our Designated learning institution number (<b>DLI number) is O19 358 463 079.<\/b><\/span><\/p>\n<p>Any candidate from outside Canada wishing to enroll at the College must meet our requirements and comply with the procedures of the Minist\u00e8re de l&#8217;Immigration, R\u00e9fugi\u00e9s et Citoyennet\u00e9 Canada and those of the Minist\u00e8re de l&#8217;Immigration, de la Francisation et de l&#8217;Int\u00e9gration du Qu\u00e9bec.<\/p>\n<p>All of these candidates must also pass a language proficiency test, if required, in English or French to be admitted to the program of their choice.<\/p>\n<p>To obtain a <strong>Post-Graduation Work Permit (PGWP)<\/strong> at the end of your studies at the college, you must complete an in-person program of <em><strong>at least eight months<\/strong><\/em>.\u00a0 To find out which programs are available to international students and allow you to obtain a work permit, consult the <a href=\"https:\/\/osullivan.edu\/en\/programs\/?_statut=international-student\">programs available to foreign nationals<\/a>.<\/p>\n<p>&nbsp;<\/p>\n<p><strong>Application for admission and response\u00a0<\/strong><\/p>\n<p>For international students who have already submitted an application for admission for the fall\u00a0 semester, priority will be given to students who will be able to provide their college-level Quebec Acceptance Certificate (CAQ) and their <strong>study permit letter of introduction<\/strong> <strong>by July 13th.<\/strong> Please note that we have a limited number of places. Otherwise, the student may be placed on a waiting list or have to postpone or register for the next Winter semester.<\/p>\n<p><strong>The deadline to apply for international admission for the fall semester is February 18, and for the Winter semester, June 1st.<\/strong><\/p>\n<p>&nbsp;<\/p>\n<p><strong>Study permit<\/strong><\/p>\n<p>It is essential to obtain a study permit before leaving your country.<\/p>\n<p>In order to obtain the official letter of acceptance for the study permit application, the student must pay the registration fee for the program.<\/p>\n<p>For more information, refer to this\u00a0 <a href=\"https:\/\/osullivan.edu\/wp-content\/uploads\/2024\/02\/Guide-for-Intl-student-2024.pdf\">Guide for international students.<\/a><\/p>\n<p>For more information on study authorizations, please refer to the 7-step procedures designed by the Minist\u00e8re de l&#8217;Immigration, de la Francisation et de l&#8217;Int\u00e9gration du Qu\u00e9bec to apply for a Certificat d&#8217;acceptation du Qu\u00e9bec (C.A.Q.).<\/p>\n<p>&nbsp;<\/p>\n<p><strong>Working while studying<\/strong><\/p>\n<p id=\"tw-target-text\" class=\"tw-data-text tw-text-large tw-ta\" dir=\"ltr\" data-placeholder=\"Traduction\" data-ved=\"2ahUKEwj4ypeZ0OuJAxWzMVkFHbpMPFMQ3ewLegQICxAU\" aria-label=\"Texte traduit\u00a0: International students studying full-time at the College may work up to 24 hours per week off campus during the academic year. Those who have the right to work off campus can work full time during holidays scheduled in the school calendar, such as summer vacations between school years or winter vacations between sessions.\"><span class=\"Y2IQFc\" lang=\"en\">International students studying full-time at the College may work up to 24 hours per week off campus during the academic year. <\/span><\/p>\n<p class=\"tw-data-text tw-text-large tw-ta\" dir=\"ltr\" data-placeholder=\"Traduction\" data-ved=\"2ahUKEwj4ypeZ0OuJAxWzMVkFHbpMPFMQ3ewLegQICxAU\" aria-label=\"Texte traduit\u00a0: International students studying full-time at the College may work up to 24 hours per week off campus during the academic year. Those who have the right to work off campus can work full time during holidays scheduled in the school calendar, such as summer vacations between school years or winter vacations between sessions.\"><span class=\"Y2IQFc\" lang=\"en\">Those who have the right to work off campus can work full time during holidays scheduled in the school calendar, such as summer vacations between school years or winter vacations between sessions.<\/span><\/p>\n            <\/div>\n        <\/div>\n    <\/section>\n\n\n    <section class=\"gallery section || different-background overflow-hidden lightBlue\">\n        \n<span class=\"absolute top-0 left-0\"  id=\"carrousel\" ><\/span>        <div class=\"wrapper\">\n            <div class=\"swiper-simple || relative\">\n                <div class=\"swiper-wrapper || items-end !grid-col !gap-x-0\">\n                    <div class=\"swiper-slide relative\">\n    <img loading=\"lazy\" decoding=\"async\" width=\"640\" height=\"625\" src=\"https:\/\/osullivan.edu\/wp-content\/uploads\/2024\/02\/img_montage_1-640x625.png\" class=\"rounded-xl lg:rounded-2xl w-full\" alt=\"\" sizes=\"auto, (max-width: 640px) 100vw, 640px\" srcset=\"https:\/\/osullivan.edu\/wp-content\/uploads\/2024\/02\/img_montage_1-640x625.png 640w, https:\/\/osullivan.edu\/wp-content\/uploads\/2024\/02\/img_montage_1-300x293.png 300w, https:\/\/osullivan.edu\/wp-content\/uploads\/2024\/02\/img_montage_1-1024x1000.png 1024w, https:\/\/osullivan.edu\/wp-content\/uploads\/2024\/02\/img_montage_1-150x147.png 150w, https:\/\/osullivan.edu\/wp-content\/uploads\/2024\/02\/img_montage_1-768x750.png 768w, https:\/\/osullivan.edu\/wp-content\/uploads\/2024\/02\/img_montage_1-700x684.png 700w, https:\/\/osullivan.edu\/wp-content\/uploads\/2024\/02\/img_montage_1-480x469.png 480w, https:\/\/osullivan.edu\/wp-content\/uploads\/2024\/02\/img_montage_1-350x342.png 350w, https:\/\/osullivan.edu\/wp-content\/uploads\/2024\/02\/img_montage_1.png 1130w\" \/>    <\/div><div class=\"swiper-slide relative\">\n    <img loading=\"lazy\" decoding=\"async\" width=\"640\" height=\"625\" src=\"https:\/\/osullivan.edu\/wp-content\/uploads\/2024\/02\/img_montage_5-640x625.png\" class=\"rounded-xl lg:rounded-2xl w-full\" alt=\"\" sizes=\"auto, (max-width: 640px) 100vw, 640px\" srcset=\"https:\/\/osullivan.edu\/wp-content\/uploads\/2024\/02\/img_montage_5-640x625.png 640w, https:\/\/osullivan.edu\/wp-content\/uploads\/2024\/02\/img_montage_5-300x293.png 300w, https:\/\/osullivan.edu\/wp-content\/uploads\/2024\/02\/img_montage_5-1024x1000.png 1024w, https:\/\/osullivan.edu\/wp-content\/uploads\/2024\/02\/img_montage_5-150x147.png 150w, https:\/\/osullivan.edu\/wp-content\/uploads\/2024\/02\/img_montage_5-768x750.png 768w, https:\/\/osullivan.edu\/wp-content\/uploads\/2024\/02\/img_montage_5-700x684.png 700w, https:\/\/osullivan.edu\/wp-content\/uploads\/2024\/02\/img_montage_5-480x469.png 480w, https:\/\/osullivan.edu\/wp-content\/uploads\/2024\/02\/img_montage_5-350x342.png 350w, https:\/\/osullivan.edu\/wp-content\/uploads\/2024\/02\/img_montage_5.png 1130w\" \/>    <\/div><div class=\"swiper-slide relative\">\n    <img loading=\"lazy\" decoding=\"async\" width=\"640\" height=\"625\" src=\"https:\/\/osullivan.edu\/wp-content\/uploads\/2024\/02\/img_montage_3-640x625.png\" class=\"rounded-xl lg:rounded-2xl w-full\" alt=\"\" sizes=\"auto, (max-width: 640px) 100vw, 640px\" srcset=\"https:\/\/osullivan.edu\/wp-content\/uploads\/2024\/02\/img_montage_3-640x625.png 640w, https:\/\/osullivan.edu\/wp-content\/uploads\/2024\/02\/img_montage_3-300x293.png 300w, https:\/\/osullivan.edu\/wp-content\/uploads\/2024\/02\/img_montage_3-1024x1000.png 1024w, https:\/\/osullivan.edu\/wp-content\/uploads\/2024\/02\/img_montage_3-150x147.png 150w, https:\/\/osullivan.edu\/wp-content\/uploads\/2024\/02\/img_montage_3-768x750.png 768w, https:\/\/osullivan.edu\/wp-content\/uploads\/2024\/02\/img_montage_3-700x684.png 700w, https:\/\/osullivan.edu\/wp-content\/uploads\/2024\/02\/img_montage_3-480x469.png 480w, https:\/\/osullivan.edu\/wp-content\/uploads\/2024\/02\/img_montage_3-350x342.png 350w, https:\/\/osullivan.edu\/wp-content\/uploads\/2024\/02\/img_montage_3.png 1130w\" \/>    <\/div>                <\/div>\n            <\/div>\n            <div class=\"mt-16 flex items-center justify-between\">\n                <div class=\"flex mr-12\">\n                    <div class=\"swiper-button-prev !w-12 !h-12 !rounded-full !relative !left-0 !right-0 !top-0 !mt-0 border border-black after:!content-none group before:content-[&quot;&quot;] before:w-full before:h-full before:rounded-full before:bg-darkestBlue before:absolute before:left-0 before:top-0 before:scale-0 before:transition-all before:-z-10 hover:before:scale-100 group || lg:!w-14 lg:!h-14 2xl:!w-16 2xl:!h-16\">\n                        <div class=\"rotate-180 w-[23%] h-[23%] [&amp;_svg_path]:fill-darkestBlue svg-container group-hover:[&amp;_svg_path]:fill-white\">\n                            <svg width=\"16\" height=\"14\" viewBox=\"0 0 16 14\" fill=\"none\" xmlns=\"http:\/\/www.w3.org\/2000\/svg\">\n<path d=\"M12.0459 7.91268C11.9116 7.90905 11.8349 7.9054 11.7582 7.90501C8.29243 7.90505 4.82668 7.9051 1.36092 7.90677C0.998963 7.90682 0.69789 7.79405 0.514115 7.46418C0.33602 7.14404 0.342555 6.81779 0.531688 6.50532C0.711487 6.20786 0.995142 6.0938 1.33194 6.09375C2.01202 6.09285 2.69211 6.09276 3.3726 6.09308C6.16517 6.09272 8.95774 6.09235 11.7503 6.09442C11.8278 6.09482 11.9053 6.11713 11.9828 6.12888C11.9926 6.10373 12.0023 6.07857 12.012 6.05341C11.9552 5.9966 11.8988 5.94021 11.842 5.88341C10.5206 4.56196 9.19834 3.24132 7.87932 1.91743C7.76896 1.80708 7.66226 1.68495 7.58761 1.54943C7.38518 1.18304 7.50048 0.732609 7.84827 0.454605C8.22284 0.155497 8.65175 0.154224 9.00433 0.454049C9.0587 0.500301 9.1082 0.552234 9.15891 0.60295C11.0626 2.50662 12.9662 4.41028 14.8699 6.31395C15.3097 6.75376 15.3105 7.24556 14.8722 7.68386C12.953 9.60304 11.0346 11.523 9.11504 13.441C8.62804 13.928 8.01938 13.8704 7.63924 13.3077C7.43842 13.0103 7.43522 12.6564 7.64058 12.3626C7.71363 12.2579 7.80089 12.1609 7.89179 12.07C9.20709 10.7523 10.524 9.43617 11.8405 8.11966C11.8957 8.06446 11.9509 8.00927 12.0467 7.91349L12.0459 7.91268Z\" fill=\"000000\"\/>\n<\/svg>\n                        <\/div>\n                    <\/div>\n                    <div class=\"swiper-button-next ml-2 !w-12 !h-12 !rounded-full !relative !left-0 !right-0 !top-0 !mt-0 border border-black after:!content-none group before:content-[&quot;&quot;] before:w-full before:h-full before:rounded-full before:bg-darkestBlue before:absolute before:left-0 before:top-0 before:scale-0 before:transition-all before:-z-10 hover:before:scale-100 group || lg:!w-14 lg:!h-14 2xl:!w-16 2xl:!h-16\">\n                        <div class=\"w-[23%] h-[23%] [&amp;_svg_path]:fill-darkestBlue svg-container group-hover:[&amp;_svg_path]:fill-white\">\n                            <svg width=\"16\" height=\"14\" viewBox=\"0 0 16 14\" fill=\"none\" xmlns=\"http:\/\/www.w3.org\/2000\/svg\">\n<path d=\"M12.0459 7.91268C11.9116 7.90905 11.8349 7.9054 11.7582 7.90501C8.29243 7.90505 4.82668 7.9051 1.36092 7.90677C0.998963 7.90682 0.69789 7.79405 0.514115 7.46418C0.33602 7.14404 0.342555 6.81779 0.531688 6.50532C0.711487 6.20786 0.995142 6.0938 1.33194 6.09375C2.01202 6.09285 2.69211 6.09276 3.3726 6.09308C6.16517 6.09272 8.95774 6.09235 11.7503 6.09442C11.8278 6.09482 11.9053 6.11713 11.9828 6.12888C11.9926 6.10373 12.0023 6.07857 12.012 6.05341C11.9552 5.9966 11.8988 5.94021 11.842 5.88341C10.5206 4.56196 9.19834 3.24132 7.87932 1.91743C7.76896 1.80708 7.66226 1.68495 7.58761 1.54943C7.38518 1.18304 7.50048 0.732609 7.84827 0.454605C8.22284 0.155497 8.65175 0.154224 9.00433 0.454049C9.0587 0.500301 9.1082 0.552234 9.15891 0.60295C11.0626 2.50662 12.9662 4.41028 14.8699 6.31395C15.3097 6.75376 15.3105 7.24556 14.8722 7.68386C12.953 9.60304 11.0346 11.523 9.11504 13.441C8.62804 13.928 8.01938 13.8704 7.63924 13.3077C7.43842 13.0103 7.43522 12.6564 7.64058 12.3626C7.71363 12.2579 7.80089 12.1609 7.89179 12.07C9.20709 10.7523 10.524 9.43617 11.8405 8.11966C11.8957 8.06446 11.9509 8.00927 12.0467 7.91349L12.0459 7.91268Z\" fill=\"000000\"\/>\n<\/svg>\n                        <\/div>\n                    <\/div>\n                <\/div>\n            <\/div>\n        <\/div>\n    <\/section>\n","protected":false},"excerpt":{"rendered":"","protected":false},"author":2,"featured_media":3168,"parent":0,"menu_order":0,"comment_status":"closed","ping_status":"closed","template":"","meta":{"_acf_changed":false,"inline_featured_image":false,"footnotes":""},"class_list":["post-3098","page","type-page","status-publish","has-post-thumbnail","hentry"],"acf":[],"_links":{"self":[{"href":"https:\/\/osullivan.edu\/en\/wp-json\/wp\/v2\/pages\/3098","targetHints":{"allow":["GET"]}}],"collection":[{"href":"https:\/\/osullivan.edu\/en\/wp-json\/wp\/v2\/pages"}],"about":[{"href":"https:\/\/osullivan.edu\/en\/wp-json\/wp\/v2\/types\/page"}],"author":[{"embeddable":true,"href":"https:\/\/osullivan.edu\/en\/wp-json\/wp\/v2\/users\/2"}],"replies":[{"embeddable":true,"href":"https:\/\/osullivan.edu\/en\/wp-json\/wp\/v2\/comments?post=3098"}],"version-history":[{"count":25,"href":"https:\/\/osullivan.edu\/en\/wp-json\/wp\/v2\/pages\/3098\/revisions"}],"predecessor-version":[{"id":11719,"href":"https:\/\/osullivan.edu\/en\/wp-json\/wp\/v2\/pages\/3098\/revisions\/11719"}],"wp:featuredmedia":[{"embeddable":true,"href":"https:\/\/osullivan.edu\/en\/wp-json\/wp\/v2\/media\/3168"}],"wp:attachment":[{"href":"https:\/\/osullivan.edu\/en\/wp-json\/wp\/v2\/media?parent=3098"}],"curies":[{"name":"wp","href":"https:\/\/api.w.org\/{rel}","templated":true}]}}